{"id":179,"date":"2020-01-22T14:44:05","date_gmt":"2020-01-22T11:44:05","guid":{"rendered":"https:\/\/bestroyaldavet.com\/?page_id=179"},"modified":"2020-02-24T10:17:30","modified_gmt":"2020-02-24T07:17:30","slug":"menuler","status":"publish","type":"page","link":"https:\/\/bestroyaldavet.com\/silver\/menuler","title":{"rendered":"Men\u00fcler"},"content":{"rendered":"\t<section class=\"section\" id=\"section_324530752\">\n\t\t<div class=\"bg section-bg fill bg-fill  bg-loaded\" >\n\n\t\t\t\n\t\t\t\n\t\t\t\n\n\t\t<\/div>\n\n\t\t\n\n\t\t<div class=\"section-content relative\">\n\t\t\t\n<div class=\"row align-equal row-box-shadow-2 row-box-shadow-3-hover\"  id=\"row-1965000803\">\n\n\t<div id=\"col-1597147313\" class=\"col medium-4 small-12 large-4\"  >\n\t\t\t\t<div class=\"col-inner\"  >\n\t\t\t\n\t\t\t\n\t<div class=\"box has-hover   has-hover box-text-bottom\" >\n\n\t\t<div class=\"box-image\" style=\"width:90%;\">\n\t\t\t\t\t\t<div class=\"\" >\n\t\t\t\t<img loading=\"lazy\" decoding=\"async\" width=\"500\" height=\"500\" src=\"https:\/\/bestroyaldavet.com\/silver\/wp-content\/uploads\/2020\/02\/Tavuk-Sote-Men\u00fc.png\" class=\"attachment- size-\" alt=\"\" srcset=\"https:\/\/bestroyaldavet.com\/silver\/wp-content\/uploads\/2020\/02\/Tavuk-Sote-Men\u00fc.png 500w, https:\/\/bestroyaldavet.com\/silver\/wp-content\/uploads\/2020\/02\/Tavuk-Sote-Men\u00fc-300x300.png 300w, https:\/\/bestroyaldavet.com\/silver\/wp-content\/uploads\/2020\/02\/Tavuk-Sote-Men\u00fc-150x150.png 150w\" sizes=\"auto, (max-width: 500px) 100vw, 500px\" \/>\t\t\t\t\t\t\t\t\t\t\t<\/div>\n\t\t\t\t\t<\/div>\n\n\t\t<div class=\"box-text text-center\" >\n\t\t\t<div class=\"box-text-inner\">\n\t\t\t\t\n<p><span style=\"font-size: 120%;\"><strong>BEST MEN\u00dc &#8211; 1<\/strong><\/span><\/p>\n<p>Tavuk Sote<\/p>\n<p>Pilav<\/p>\n<p>Patates P\u00fcresi<\/p>\n<p>K\u00f6zlenmi\u015f Domates\/Biber<\/p>\n<p>Mevsim Salatas\u0131<\/p>\n<p><strong>Soft \u0130\u00e7ecekler: <\/strong>(Pepsi,Yedig\u00fcn,Su)<\/p>\n<p><strong>Tatl\u0131:<\/strong> (Dondurmal\u0131 Pasta veya Ya\u015f Pasta)<\/p>\n<p style=\"text-align: center;\"><a href=\"#bmenu1\" target=\"_self\" class=\"button primary\"  >\n    <span>Men\u00fcy\u00fc G\u00f6ster<\/span>\n  <\/a>\n \t<div id=\"bmenu1\"\n\t     class=\"lightbox-by-id lightbox-content mfp-hide lightbox-white \"\n\t     style=\"max-width:600px ;padding:20px\">\n\t\t\n<p><center><img decoding=\"async\" src=\"https:\/\/bestroyaldavet.com\/silver\/wp-content\/uploads\/2020\/02\/Best-Men\u00fc1.jpg\" alt=\"Best Men\u00fc 1\" \/><\/center><\/p>\n<p style=\"text-align: center;\">\t<\/div>\n\t\n\t\n\t\t\t<\/div>\n\t\t<\/div>\n\t<\/div>\n\t\n\t\t<\/div>\n\t\t\t\t\t<\/div>\n\n\t\n\n\t<div id=\"col-153709599\" class=\"col medium-4 small-12 large-4\"  >\n\t\t\t\t<div class=\"col-inner\"  >\n\t\t\t\n\t\t\t\n\t<div class=\"box has-hover   has-hover box-text-bottom\" >\n\n\t\t<div class=\"box-image\" style=\"width:90%;\">\n\t\t\t\t\t\t<div class=\"\" >\n\t\t\t\t<img loading=\"lazy\" decoding=\"async\" width=\"500\" height=\"500\" src=\"https:\/\/bestroyaldavet.com\/silver\/wp-content\/uploads\/2020\/02\/Best-Men\u00fc-2.png\" class=\"attachment- size-\" alt=\"\" srcset=\"https:\/\/bestroyaldavet.com\/silver\/wp-content\/uploads\/2020\/02\/Best-Men\u00fc-2.png 500w, https:\/\/bestroyaldavet.com\/silver\/wp-content\/uploads\/2020\/02\/Best-Men\u00fc-2-300x300.png 300w, https:\/\/bestroyaldavet.com\/silver\/wp-content\/uploads\/2020\/02\/Best-Men\u00fc-2-150x150.png 150w\" sizes=\"auto, (max-width: 500px) 100vw, 500px\" \/>\t\t\t\t\t\t\t\t\t\t\t<\/div>\n\t\t\t\t\t<\/div>\n\n\t\t<div class=\"box-text text-center\" >\n\t\t\t<div class=\"box-text-inner\">\n\t\t\t\t\n<p><span style=\"font-size: 120%;\"><strong>BEST MEN\u00dc &#8211; 2<\/strong><\/span><\/p>\n<p>Tavuk Sote<\/p>\n<p>Pilav<\/p>\n<p>Patates P\u00fcresi<\/p>\n<p>K\u00f6zlenmi\u015f Domates\/Biber<\/p>\n<p>Mevsim Salatas\u0131<\/p>\n<p><strong>Soft \u0130\u00e7ecekler: <\/strong>(Pepsi,Yedig\u00fcn,Su)<\/p>\n<p><strong>Tatl\u0131:<\/strong> (Dondurmal\u0131 Pasta veya Ya\u015f Pasta)<\/p>\n<p style=\"text-align: center;\"><a href=\"#bmenu2\" target=\"_self\" class=\"button primary\"  >\n    <span>Men\u00fcy\u00fc G\u00f6ster<\/span>\n  <\/a>\n \t<div id=\"bmenu2\"\n\t     class=\"lightbox-by-id lightbox-content mfp-hide lightbox-white \"\n\t     style=\"max-width:600px ;padding:20px\">\n\t\t\n<p><center><img decoding=\"async\" src=\"https:\/\/bestroyaldavet.com\/silver\/wp-content\/uploads\/2020\/02\/Best-Men\u00fc2.jpg\" alt=\"Best Men\u00fc 3\" \/><\/center><\/p>\n<p style=\"text-align: center;\">\t<\/div>\n\t\n\t\n\t\t\t<\/div>\n\t\t<\/div>\n\t<\/div>\n\t\n\t\t<\/div>\n\t\t\t\t\t<\/div>\n\n\t\n\n\t<div id=\"col-2007348902\" class=\"col medium-4 small-12 large-4\"  >\n\t\t\t\t<div class=\"col-inner\"  >\n\t\t\t\n\t\t\t\n\t<div class=\"box has-hover   has-hover box-text-bottom\" >\n\n\t\t<div class=\"box-image\" style=\"width:90%;\">\n\t\t\t\t\t\t<div class=\"\" >\n\t\t\t\t<img loading=\"lazy\" decoding=\"async\" width=\"500\" height=\"500\" src=\"https:\/\/bestroyaldavet.com\/silver\/wp-content\/uploads\/2020\/02\/Best-Men\u00fc-3.png\" class=\"attachment- size-\" alt=\"\" srcset=\"https:\/\/bestroyaldavet.com\/silver\/wp-content\/uploads\/2020\/02\/Best-Men\u00fc-3.png 500w, https:\/\/bestroyaldavet.com\/silver\/wp-content\/uploads\/2020\/02\/Best-Men\u00fc-3-300x300.png 300w, https:\/\/bestroyaldavet.com\/silver\/wp-content\/uploads\/2020\/02\/Best-Men\u00fc-3-150x150.png 150w\" sizes=\"auto, (max-width: 500px) 100vw, 500px\" \/>\t\t\t\t\t\t\t\t\t\t\t<\/div>\n\t\t\t\t\t<\/div>\n\n\t\t<div class=\"box-text text-center\" >\n\t\t\t<div class=\"box-text-inner\">\n\t\t\t\t\n<p><span style=\"font-size: 120%;\"><strong>BEST MEN\u00dc &#8211; 3<\/strong><\/span><\/p>\n<p>Et Kavurma<\/p>\n<p>Pilav<\/p>\n<p>Patates P\u00fcresi<\/p>\n<p>K\u00f6zlenmi\u015f Domates\/Biber<\/p>\n<p>Mevsim Salatas\u0131<\/p>\n<p><strong>Soft \u0130\u00e7ecekler: <\/strong>(Pepsi,Yedig\u00fcn,Su)<\/p>\n<p><strong>Tatl\u0131:<\/strong> (Dondurmal\u0131 Pasta veya Ya\u015f Pasta)<\/p>\n<p style=\"text-align: center;\"><a href=\"#bmenu5\" target=\"_self\" class=\"button primary\"  >\n    <span>Men\u00fcy\u00fc G\u00f6ster<\/span>\n  <\/a>\n \t<div id=\"bmenu5\"\n\t     class=\"lightbox-by-id lightbox-content mfp-hide lightbox-white \"\n\t     style=\"max-width:600px ;padding:20px\">\n\t\t\n<p><center><img decoding=\"async\" src=\"https:\/\/bestroyaldavet.com\/silver\/wp-content\/uploads\/2020\/02\/Best-Men\u00fc3.jpg\" alt=\"Best Men\u00fc 3\" \/><\/center><\/p>\n<p style=\"text-align: center;\">\t<\/div>\n\t\n\t\n\t\t\t<\/div>\n\t\t<\/div>\n\t<\/div>\n\t\n\t\t<\/div>\n\t\t\t\t\t<\/div>\n\n\t\n<\/div>\n\t\t<\/div>\n\n\t\t\n<style>\n#section_324530752 {\n  padding-top: 30px;\n  padding-bottom: 30px;\n}\n#section_324530752 .ux-shape-divider--top svg {\n  height: 150px;\n  --divider-top-width: 100%;\n}\n#section_324530752 .ux-shape-divider--bottom svg {\n  height: 150px;\n  --divider-width: 100%;\n}\n<\/style>\n\t<\/section>\n\t\n<div class=\"row row-small align-equal row-box-shadow-2 row-box-shadow-3-hover\"  id=\"row-763742289\">\n\n\t<div id=\"col-625829770\" class=\"col medium-4 small-12 large-4\"  >\n\t\t\t\t<div class=\"col-inner\"  >\n\t\t\t\n\t\t\t\n\t<div class=\"box has-hover   has-hover box-text-bottom\" >\n\n\t\t<div class=\"box-image\" style=\"width:89%;\">\n\t\t\t\t\t\t<div class=\"\" >\n\t\t\t\t<img loading=\"lazy\" decoding=\"async\" width=\"500\" height=\"500\" src=\"https:\/\/bestroyaldavet.com\/silver\/wp-content\/uploads\/2020\/02\/Best-Men\u00fc-4.png\" class=\"attachment- size-\" alt=\"Best-Men\u00fc-4\" srcset=\"https:\/\/bestroyaldavet.com\/silver\/wp-content\/uploads\/2020\/02\/Best-Men\u00fc-4.png 500w, https:\/\/bestroyaldavet.com\/silver\/wp-content\/uploads\/2020\/02\/Best-Men\u00fc-4-300x300.png 300w, https:\/\/bestroyaldavet.com\/silver\/wp-content\/uploads\/2020\/02\/Best-Men\u00fc-4-150x150.png 150w\" sizes=\"auto, (max-width: 500px) 100vw, 500px\" \/>\t\t\t\t\t\t\t\t\t\t\t<\/div>\n\t\t\t\t\t<\/div>\n\n\t\t<div class=\"box-text text-center\" >\n\t\t\t<div class=\"box-text-inner\">\n\t\t\t\t\n<p><span style=\"font-size: 120%;\"><strong>BEST MEN\u00dc &#8211; 4<\/strong><\/span><\/p>\n<p>Pili\u00e7 Sarma<\/p>\n<p>Pilav<\/p>\n<p>Patates P\u00fcresi<\/p>\n<p>K\u00f6zlenmi\u015f Domates\/Biber<\/p>\n<p>Buharda Sebze<\/p>\n<p>Mevsim Salatas\u0131<\/p>\n<p><strong>Soft \u0130\u00e7ecekler: <\/strong>(Pepsi,Yedig\u00fcn,Su)<\/p>\n<p><strong>Tatl\u0131:<\/strong> (Dondurmal\u0131 Pasta veya Ya\u015f Pasta)<\/p>\n<a href=\"#bmenu4\" target=\"_self\" class=\"button primary\"  >\n    <span>Men\u00fcy\u00fc G\u00f6ster<\/span>\n  <\/a>\n\n\t<div id=\"bmenu4\"\n\t     class=\"lightbox-by-id lightbox-content mfp-hide lightbox-white \"\n\t     style=\"max-width:600px ;padding:20px\">\n\t\t\n <center><img decoding=\"async\" src=\"https:\/\/bestroyaldavet.com\/silver\/wp-content\/uploads\/2020\/02\/Best-Men\u00fc4.jpg\" alt=\"Best Men\u00fc 4\"\/><\/center><\/p>\n\t<\/div>\n\t\n\t\n\t\t\t<\/div>\n\t\t<\/div>\n\t<\/div>\n\t\n\t\t<\/div>\n\t\t\t\t\t<\/div>\n\n\t\n\n\t<div id=\"col-1255683802\" class=\"col medium-4 small-12 large-4\"  >\n\t\t\t\t<div class=\"col-inner text-center\"  >\n\t\t\t\n\t\t\t\n\t<div class=\"box has-hover   has-hover box-text-bottom\" >\n\n\t\t<div class=\"box-image\" style=\"width:90%;\">\n\t\t\t\t\t\t<div class=\"\" >\n\t\t\t\t<img loading=\"lazy\" decoding=\"async\" width=\"500\" height=\"500\" src=\"https:\/\/bestroyaldavet.com\/silver\/wp-content\/uploads\/2020\/02\/Best-Men\u00fc-5.png\" class=\"attachment- size-\" alt=\"\" srcset=\"https:\/\/bestroyaldavet.com\/silver\/wp-content\/uploads\/2020\/02\/Best-Men\u00fc-5.png 500w, https:\/\/bestroyaldavet.com\/silver\/wp-content\/uploads\/2020\/02\/Best-Men\u00fc-5-300x300.png 300w, https:\/\/bestroyaldavet.com\/silver\/wp-content\/uploads\/2020\/02\/Best-Men\u00fc-5-150x150.png 150w\" sizes=\"auto, (max-width: 500px) 100vw, 500px\" \/>\t\t\t\t\t\t\t\t\t\t\t<\/div>\n\t\t\t\t\t<\/div>\n\n\t\t<div class=\"box-text text-center\" >\n\t\t\t<div class=\"box-text-inner\">\n\t\t\t\t\n<p><span style=\"font-size: 120%;\"><strong>BEST MEN\u00dc &#8211; 5<\/strong><\/span><\/p>\n<p>Dana Rosto<\/p>\n<p>Pilav<\/p>\n<p>Patates P\u00fcresi<\/p>\n<p>Mevsim Salatas\u0131<\/p>\n<p><strong>Soft \u0130\u00e7ecekler: <\/strong>(Pepsi,Yedig\u00fcn,Su)<\/p>\n<p><strong>Tatl\u0131:<\/strong> (Dondurmal\u0131 Pasta veya Ya\u015f Pasta)<\/p>\n<a href=\"#bmenu5\" target=\"_self\" class=\"button primary\"  >\n    <span>Men\u00fcy\u00fc G\u00f6ster<\/span>\n  <\/a>\n\n\t<div id=\"bmenu5\"\n\t     class=\"lightbox-by-id lightbox-content mfp-hide lightbox-white \"\n\t     style=\"max-width:600px ;padding:20px\">\n\t\t\n <center><img decoding=\"async\" src=\"https:\/\/bestroyaldavet.com\/silver\/wp-content\/uploads\/2020\/02\/Best-Men\u00fc5.jpg\" alt=\"Best Men\u00fc 4\"\/><\/center><\/p>\n\t<\/div>\n\t\n\t\n\t\t\t<\/div>\n\t\t<\/div>\n\t<\/div>\n\t\n\t\t<\/div>\n\t\t\t\t\t<\/div>\n\n\t\n\n\t<div id=\"col-1171863707\" class=\"col medium-4 small-12 large-4\"  >\n\t\t\t\t<div class=\"col-inner\"  >\n\t\t\t\n\t\t\t\n\t<div class=\"box has-hover   has-hover box-text-bottom\" >\n\n\t\t<div class=\"box-image\" style=\"width:90%;\">\n\t\t\t\t\t\t<div class=\"\" >\n\t\t\t\t<img loading=\"lazy\" decoding=\"async\" width=\"500\" height=\"500\" src=\"https:\/\/bestroyaldavet.com\/silver\/wp-content\/uploads\/2020\/02\/Best-Ba\u015flang\u0131\u00e7-Men\u00fc.png\" class=\"attachment- size-\" alt=\"Best-Ba\u015flang\u0131\u00e7-Men\u00fc\" srcset=\"https:\/\/bestroyaldavet.com\/silver\/wp-content\/uploads\/2020\/02\/Best-Ba\u015flang\u0131\u00e7-Men\u00fc.png 500w, https:\/\/bestroyaldavet.com\/silver\/wp-content\/uploads\/2020\/02\/Best-Ba\u015flang\u0131\u00e7-Men\u00fc-300x300.png 300w, https:\/\/bestroyaldavet.com\/silver\/wp-content\/uploads\/2020\/02\/Best-Ba\u015flang\u0131\u00e7-Men\u00fc-150x150.png 150w\" sizes=\"auto, (max-width: 500px) 100vw, 500px\" \/>\t\t\t\t\t\t\t\t\t\t\t<\/div>\n\t\t\t\t\t<\/div>\n\n\t\t<div class=\"box-text text-center\" >\n\t\t\t<div class=\"box-text-inner\">\n\t\t\t\t\n<p><span style=\"font-size: 120%;\"><strong>BEST BA\u015eLANGI\u00c7 MEN\u00dc<\/strong><\/span><\/p>\n<p>Amerikan Salatas\u0131<\/p>\n<p>Haydari<\/p>\n<p>Ac\u0131l\u0131 Ezme<\/p>\n<p>Mercimek K\u00f6ftesi<\/p>\n<p>Domates<\/p>\n<p>Salatal\u0131k<\/p>\n<p>Beyaz Peynir<\/p>\n<a href=\"#basmenu1\" target=\"_self\" class=\"button primary\"  >\n    <span>Men\u00fcy\u00fc G\u00f6ster<\/span>\n  <\/a>\n\n\t<div id=\"basmenu1\"\n\t     class=\"lightbox-by-id lightbox-content mfp-hide lightbox-white \"\n\t     style=\"max-width:600px ;padding:20px\">\n\t\t\n <center><img decoding=\"async\" src=\"https:\/\/bestroyaldavet.com\/silver\/wp-content\/uploads\/2020\/02\/Best-Men\u00fc-Ba\u015flang\u0131\u00e7.jpg\" alt=\"Best Ba\u015flang\u0131\u00e7 Men\u00fc \"\/><\/center><\/p>\n\t<\/div>\n\t\n\t\n\t\t\t<\/div>\n\t\t<\/div>\n\t<\/div>\n\t\n\t\t<\/div>\n\t\t\t\t\t<\/div>\n\n\t\n<\/div>\n<div class=\"row align-equal align-center row-box-shadow-2 row-box-shadow-3-hover\"  id=\"row-1461109747\">\n\n\t<div id=\"col-1754874571\" class=\"col medium-4 small-12 large-4\"  >\n\t\t\t\t<div class=\"col-inner\"  >\n\t\t\t\n\t\t\t\n\t<div class=\"box has-hover   has-hover box-text-bottom\" >\n\n\t\t<div class=\"box-image\" style=\"width:90%;\">\n\t\t\t\t\t\t<div class=\"\" >\n\t\t\t\t<img loading=\"lazy\" decoding=\"async\" width=\"500\" height=\"500\" src=\"https:\/\/bestroyaldavet.com\/silver\/wp-content\/uploads\/2020\/02\/Best-Ord\u00f6vr-1.png\" class=\"attachment- size-\" alt=\"\" srcset=\"https:\/\/bestroyaldavet.com\/silver\/wp-content\/uploads\/2020\/02\/Best-Ord\u00f6vr-1.png 500w, https:\/\/bestroyaldavet.com\/silver\/wp-content\/uploads\/2020\/02\/Best-Ord\u00f6vr-1-300x300.png 300w, https:\/\/bestroyaldavet.com\/silver\/wp-content\/uploads\/2020\/02\/Best-Ord\u00f6vr-1-150x150.png 150w\" sizes=\"auto, (max-width: 500px) 100vw, 500px\" \/>\t\t\t\t\t\t\t\t\t\t\t<\/div>\n\t\t\t\t\t<\/div>\n\n\t\t<div class=\"box-text text-center\" >\n\t\t\t<div class=\"box-text-inner\">\n\t\t\t\t\n<p><span style=\"font-size: 120%;\"><strong>BEST ORD\u00d6VR MEN\u00dc &#8211; 1<\/strong><\/span><\/p>\n<p>Sade Po\u011fa\u00e7a<\/p>\n<p>Havu\u00e7 Tarator<\/p>\n<p>Amerikan Salatas\u0131<\/p>\n<p>Patates Salatas\u0131<\/p>\n<p>Ac\u0131l\u0131 Ezme<\/p>\n<p>Beyaz Peynir<\/p>\n<p><strong>Soft \u0130\u00e7ecekler: <\/strong>(Pepsi,Yedig\u00fcn,Su)<\/p>\n<p><strong>Tatl\u0131:<\/strong> (Dondurmal\u0131 Pasta veya Ya\u015f Pasta)<\/p>\n<p style=\"text-align: center;\"><a href=\"#bovr1\" target=\"_self\" class=\"button primary\"  >\n    <span>Men\u00fcy\u00fc G\u00f6ster<\/span>\n  <\/a>\n \t<div id=\"bovr1\"\n\t     class=\"lightbox-by-id lightbox-content mfp-hide lightbox-white \"\n\t     style=\"max-width:600px ;padding:20px\">\n\t\t\n<p><center><img decoding=\"async\" src=\"https:\/\/bestroyaldavet.com\/silver\/wp-content\/uploads\/2020\/02\/Best-Ord\u00f6vr-1.jpg\" alt=\"Best Ord\u00f6vr 1\" \/><\/center><\/p>\n<p style=\"text-align: center;\">\t<\/div>\n\t\n\t\n\t\t\t<\/div>\n\t\t<\/div>\n\t<\/div>\n\t\n\t\t<\/div>\n\t\t\t\t\t<\/div>\n\n\t\n\n\t<div id=\"col-1150915235\" class=\"col medium-4 small-12 large-4\"  >\n\t\t\t\t<div class=\"col-inner\"  >\n\t\t\t\n\t\t\t\n\t<div class=\"box has-hover   has-hover box-text-bottom\" >\n\n\t\t<div class=\"box-image\" style=\"width:89%;\">\n\t\t\t\t\t\t<div class=\"\" >\n\t\t\t\t<img loading=\"lazy\" decoding=\"async\" width=\"500\" height=\"500\" src=\"https:\/\/bestroyaldavet.com\/silver\/wp-content\/uploads\/2020\/02\/Best-Ord\u00f6vr-2.png\" class=\"attachment- size-\" alt=\"\" srcset=\"https:\/\/bestroyaldavet.com\/silver\/wp-content\/uploads\/2020\/02\/Best-Ord\u00f6vr-2.png 500w, https:\/\/bestroyaldavet.com\/silver\/wp-content\/uploads\/2020\/02\/Best-Ord\u00f6vr-2-300x300.png 300w, https:\/\/bestroyaldavet.com\/silver\/wp-content\/uploads\/2020\/02\/Best-Ord\u00f6vr-2-150x150.png 150w\" sizes=\"auto, (max-width: 500px) 100vw, 500px\" \/>\t\t\t\t\t\t\t\t\t\t\t<\/div>\n\t\t\t\t\t<\/div>\n\n\t\t<div class=\"box-text text-center\" >\n\t\t\t<div class=\"box-text-inner\">\n\t\t\t\t\n<p><span style=\"font-size: 120%;\"><strong>BEST ORD\u00d6VR MEN\u00dc &#8211; 2<\/strong><\/span><\/p>\n<p>Kuru Patl\u0131can Dolma<\/p>\n<p>Mercimekli K\u00f6fte<\/p>\n<p>Amerikan Salatas\u0131<\/p>\n<p>\u015eak\u015fuka<\/p>\n<p>Haydari<\/p>\n<p>Ac\u0131l\u0131 Ezme<\/p>\n<p><strong>Soft \u0130\u00e7ecekler: <\/strong>(Pepsi,Yedig\u00fcn,Su)<\/p>\n<p><strong>Tatl\u0131:<\/strong> (Dondurmal\u0131 Pasta veya Ya\u015f Pasta)<\/p>\n<p style=\"text-align: center;\"><a href=\"#bovr2\" target=\"_self\" class=\"button primary\"  >\n    <span>Men\u00fcy\u00fc G\u00f6ster<\/span>\n  <\/a>\n \t<div id=\"bovr2\"\n\t     class=\"lightbox-by-id lightbox-content mfp-hide lightbox-white \"\n\t     style=\"max-width:600px ;padding:20px\">\n\t\t\n<p><center><img decoding=\"async\" src=\"https:\/\/bestroyaldavet.com\/silver\/wp-content\/uploads\/2020\/02\/Best-Ord\u00f6vr-2.jpg\" alt=\"Best Ord\u00f6vr 2\" \/><\/center><\/p>\n<p style=\"text-align: center;\">\t<\/div>\n\t\n\t\n\t\t\t<\/div>\n\t\t<\/div>\n\t<\/div>\n\t\n\t\t<\/div>\n\t\t\t\t\t<\/div>\n\n\t\n\n\t<div id=\"col-785740156\" class=\"col medium-4 small-12 large-4\"  >\n\t\t\t\t<div class=\"col-inner\"  >\n\t\t\t\n\t\t\t\n\t<div class=\"box has-hover   has-hover box-text-bottom\" >\n\n\t\t<div class=\"box-image\" style=\"width:90%;\">\n\t\t\t\t\t\t<div class=\"\" >\n\t\t\t\t<img loading=\"lazy\" decoding=\"async\" width=\"500\" height=\"500\" src=\"https:\/\/bestroyaldavet.com\/silver\/wp-content\/uploads\/2020\/02\/Best-Ord\u00f6vr-2-1.png\" class=\"attachment- size-\" alt=\"\" srcset=\"https:\/\/bestroyaldavet.com\/silver\/wp-content\/uploads\/2020\/02\/Best-Ord\u00f6vr-2-1.png 500w, https:\/\/bestroyaldavet.com\/silver\/wp-content\/uploads\/2020\/02\/Best-Ord\u00f6vr-2-1-300x300.png 300w, https:\/\/bestroyaldavet.com\/silver\/wp-content\/uploads\/2020\/02\/Best-Ord\u00f6vr-2-1-150x150.png 150w\" sizes=\"auto, (max-width: 500px) 100vw, 500px\" \/>\t\t\t\t\t\t\t\t\t\t\t<\/div>\n\t\t\t\t\t<\/div>\n\n\t\t<div class=\"box-text text-center\" >\n\t\t\t<div class=\"box-text-inner\">\n\t\t\t\t\n<p><span style=\"font-size: 120%;\"><strong>BEST ORD\u00d6VR MEN\u00dc &#8211; 3<\/strong><\/span><\/p>\n<p>Zeytinya\u011fl\u0131 Yaprak Sarma<\/p>\n<p>Amerikan Salatas\u0131<\/p>\n<p>\u015eak\u015fuka<\/p>\n<p>Sade Po\u011fa\u00e7a<\/p>\n<p>Haydari<\/p>\n<p>Havu\u00e7 Tarator<\/p>\n<p>Korni\u015fon<\/p>\n<p>Domates<\/p>\n<p>Salata<\/p>\n<p>Ka\u015far Peynir<\/p>\n<p><strong>Soft \u0130\u00e7ecekler: <\/strong>(Pepsi,Yedig\u00fcn,Su)<\/p>\n<p><strong>Tatl\u0131:<\/strong> (Dondurmal\u0131 Pasta veya Ya\u015f Pasta)<\/p>\n<p style=\"text-align: center;\"><a href=\"#bovr3\" target=\"_self\" class=\"button primary\"  >\n    <span>Men\u00fcy\u00fc G\u00f6ster<\/span>\n  <\/a>\n \t<div id=\"bovr3\"\n\t     class=\"lightbox-by-id lightbox-content mfp-hide lightbox-white \"\n\t     style=\"max-width:600px ;padding:20px\">\n\t\t\n<p><center><img decoding=\"async\" src=\"https:\/\/bestroyaldavet.com\/silver\/wp-content\/uploads\/2020\/02\/Best-Ord\u00f6vr-3.jpg\" alt=\"Best Ord\u00f6vr 3\" \/><\/center><\/p>\n<p style=\"text-align: center;\">\t<\/div>\n\t\n\t\n\t\t\t<\/div>\n\t\t<\/div>\n\t<\/div>\n\t\n\t\t<\/div>\n\t\t\t\t\t<\/div>\n\n\t\n<\/div>\n<div class=\"row align-equal\"  id=\"row-1197999995\">\n\n\t<div id=\"col-186319369\" class=\"col medium-4 small-12 large-4\"  >\n\t\t\t\t<div class=\"col-inner\"  >\n\t\t\t\n\t\t\t\n\t<div class=\"box has-hover   has-hover box-shadow-2 box-shadow-3-hover box-text-bottom\" >\n\n\t\t<div class=\"box-image\" style=\"width:90%;\">\n\t\t\t\t\t\t<div class=\"\" >\n\t\t\t\t<img loading=\"lazy\" decoding=\"async\" width=\"500\" height=\"500\" src=\"https:\/\/bestroyaldavet.com\/silver\/wp-content\/uploads\/2020\/02\/Best-Ord\u00f6vr-1-1.png\" class=\"attachment- size-\" alt=\"\" srcset=\"https:\/\/bestroyaldavet.com\/silver\/wp-content\/uploads\/2020\/02\/Best-Ord\u00f6vr-1-1.png 500w, https:\/\/bestroyaldavet.com\/silver\/wp-content\/uploads\/2020\/02\/Best-Ord\u00f6vr-1-1-300x300.png 300w, https:\/\/bestroyaldavet.com\/silver\/wp-content\/uploads\/2020\/02\/Best-Ord\u00f6vr-1-1-150x150.png 150w\" sizes=\"auto, (max-width: 500px) 100vw, 500px\" \/>\t\t\t\t\t\t\t\t\t\t\t<\/div>\n\t\t\t\t\t<\/div>\n\n\t\t<div class=\"box-text text-center\" >\n\t\t\t<div class=\"box-text-inner\">\n\t\t\t\t\n<p><span style=\"font-size: 120%;\"><strong>BEST ORD\u00d6VR MEN\u00dc &#8211; 4<\/strong><\/span><\/p>\n<p>Biber Dolmas\u0131<\/p>\n<p>\u0130\u00e7li K\u00f6fte<\/p>\n<p>Sade Po\u011fa\u00e7a<\/p>\n<p>Havu\u00e7 Tarator<\/p>\n<p>K\u0131s\u0131r<\/p>\n<p>\u015eak\u015fuka<\/p>\n<p>Amerikan Salatas\u0131<\/p>\n<p><strong>Soft \u0130\u00e7ecekler: <\/strong>(Pepsi,Yedig\u00fcn,Su)<\/p>\n<p><strong>Tatl\u0131:<\/strong> (Dondurmal\u0131 Pasta veya Ya\u015f Pasta)<\/p>\n<p style=\"text-align: center;\"><a href=\"#bovr4\" target=\"_self\" class=\"button primary\"  >\n    <span>Men\u00fcy\u00fc G\u00f6ster<\/span>\n  <\/a>\n \t<div id=\"bovr4\"\n\t     class=\"lightbox-by-id lightbox-content mfp-hide lightbox-white \"\n\t     style=\"max-width:600px ;padding:20px\">\n\t\t\n<p><center><img decoding=\"async\" src=\"https:\/\/bestroyaldavet.com\/silver\/wp-content\/uploads\/2020\/02\/Best-Ord\u00f6vr-4.jpg\" alt=\"Best Ord\u00f6vr 4\" \/><\/center><\/p>\n<p style=\"text-align: center;\">\t<\/div>\n\t\n\t\n\t\t\t<\/div>\n\t\t<\/div>\n\t<\/div>\n\t\n\t\t<\/div>\n\t\t\t\t\t<\/div>\n\n\t\n\n\t<div id=\"col-123680663\" class=\"col medium-4 small-12 large-4\"  >\n\t\t\t\t<div class=\"col-inner\"  >\n\t\t\t\n\t\t\t\n\t\t<\/div>\n\t\t\t\t\t<\/div>\n\n\t\n\n\t<div id=\"col-687110788\" class=\"col medium-4 small-12 large-4\"  >\n\t\t\t\t<div class=\"col-inner\"  >\n\t\t\t\n\t\t\t\n\t\t<\/div>\n\t\t\t\t\t<\/div>\n\n\t\n<\/div>\n","protected":false},"excerpt":{"rendered":"","protected":false},"author":1,"featured_media":0,"parent":0,"menu_order":0,"comment_status":"closed","ping_status":"closed","template":"page-blank.php","meta":{"_joinchat":[],"footnotes":""},"class_list":["post-179","page","type-page","status-publish","hentry"],"_links":{"self":[{"href":"https:\/\/bestroyaldavet.com\/silver\/wp-json\/wp\/v2\/pages\/179","targetHints":{"allow":["GET"]}}],"collection":[{"href":"https:\/\/bestroyaldavet.com\/silver\/wp-json\/wp\/v2\/pages"}],"about":[{"href":"https:\/\/bestroyaldavet.com\/silver\/wp-json\/wp\/v2\/types\/page"}],"author":[{"embeddable":true,"href":"https:\/\/bestroyaldavet.com\/silver\/wp-json\/wp\/v2\/users\/1"}],"replies":[{"embeddable":true,"href":"https:\/\/bestroyaldavet.com\/silver\/wp-json\/wp\/v2\/comments?post=179"}],"version-history":[{"count":43,"href":"https:\/\/bestroyaldavet.com\/silver\/wp-json\/wp\/v2\/pages\/179\/revisions"}],"predecessor-version":[{"id":385,"href":"https:\/\/bestroyaldavet.com\/silver\/wp-json\/wp\/v2\/pages\/179\/revisions\/385"}],"wp:attachment":[{"href":"https:\/\/bestroyaldavet.com\/silver\/wp-json\/wp\/v2\/media?parent=179"}],"curies":[{"name":"wp","href":"https:\/\/api.w.org\/{rel}","templated":true}]}}