{"id":173,"date":"2020-01-22T14:43:11","date_gmt":"2020-01-22T11:43:11","guid":{"rendered":"https:\/\/bestroyaldavet.com\/?page_id=173"},"modified":"2020-02-04T12:15:30","modified_gmt":"2020-02-04T09:15:30","slug":"hakkimizda","status":"publish","type":"page","link":"https:\/\/bestroyaldavet.com\/silver\/hakkimizda","title":{"rendered":"Hakk\u0131m\u0131zda"},"content":{"rendered":"<p><strong>Best Royal<\/strong> D\u00fc\u011f\u00fcn ve Davet ve K\u0131na salonlar\u0131 olarak,<\/p>\n<p>1999 Y\u0131l\u0131ndan itibaren sekt\u00f6rde hizmet veren kurulu\u015fumuz, kaliteli hizmetin <span style=\"text-decoration: underline;\">m\u00fc\u015fteri memnuyeti<\/span> anlay\u0131\u015f\u0131 \u0130le yolumuza devam edip, Binlerce \u00e7ifti yeni gelecekte, yeni bir anlay\u0131\u015f ile bulu\u015fturuyoruz.<\/p>\n<p><span style=\"font-size: 115%;\"><strong>Hayallerinizi Tasar\u0131ma d\u00f6n\u00fc\u015ft\u00fcr\u00fcyoruz&#8230;<\/strong><\/span><\/p>\n<p>Kurumsal altyap\u0131 ve profesyonel ekibimiz ile bir \u00e7ok \u00e7ifte \u00f6nc\u00fcl\u00fck edip hayallerini planlay\u0131p ger\u00e7ekle\u015ftirerek, sekt\u00f6rde tan\u0131n\u0131r ve bilinir hale gelmesine vesile olduk. Sizde bu en \u00f6zel g\u00fcn\u00fcn\u00fcz\u00fc profesyonel ekimizle planlayarak hem unutulmaz, hemde e\u015fsiz bir g\u00fcn ya\u015famak istiyorsan\u0131z, yerinizi ay\u0131rt\u0131n.<\/p>\n","protected":false},"excerpt":{"rendered":"<p>Best Royal D\u00fc\u011f\u00fcn ve Davet ve K\u0131na salonlar\u0131 olarak, 1999 Y\u0131l\u0131ndan itibaren sekt\u00f6rde hizmet veren kurulu\u015fumuz, kaliteli hizmetin m\u00fc\u015fteri memnuyeti anlay\u0131\u015f\u0131 \u0130le yolumuza devam edip, Binlerce \u00e7ifti yeni gelecekte, yeni bir anlay\u0131\u015f ile bulu\u015fturuyoruz. Hayallerinizi Tasar\u0131ma d\u00f6n\u00fc\u015ft\u00fcr\u00fcyoruz&#8230; Kurumsal altyap\u0131 ve profesyonel ekibimiz ile bir \u00e7ok \u00e7ifte \u00f6nc\u00fcl\u00fck edip hayallerini planlay\u0131p ger\u00e7ekle\u015ftirerek, sekt\u00f6rde tan\u0131n\u0131r ve bilinir [&#8230;]\n","protected":false},"author":1,"featured_media":0,"parent":0,"menu_order":0,"comment_status":"closed","ping_status":"closed","template":"","meta":{"_joinchat":[],"footnotes":""},"class_list":["post-173","page","type-page","status-publish","hentry"],"_links":{"self":[{"href":"https:\/\/bestroyaldavet.com\/silver\/wp-json\/wp\/v2\/pages\/173","targetHints":{"allow":["GET"]}}],"collection":[{"href":"https:\/\/bestroyaldavet.com\/silver\/wp-json\/wp\/v2\/pages"}],"about":[{"href":"https:\/\/bestroyaldavet.com\/silver\/wp-json\/wp\/v2\/types\/page"}],"author":[{"embeddable":true,"href":"https:\/\/bestroyaldavet.com\/silver\/wp-json\/wp\/v2\/users\/1"}],"replies":[{"embeddable":true,"href":"https:\/\/bestroyaldavet.com\/silver\/wp-json\/wp\/v2\/comments?post=173"}],"version-history":[{"count":3,"href":"https:\/\/bestroyaldavet.com\/silver\/wp-json\/wp\/v2\/pages\/173\/revisions"}],"predecessor-version":[{"id":308,"href":"https:\/\/bestroyaldavet.com\/silver\/wp-json\/wp\/v2\/pages\/173\/revisions\/308"}],"wp:attachment":[{"href":"https:\/\/bestroyaldavet.com\/silver\/wp-json\/wp\/v2\/media?parent=173"}],"curies":[{"name":"wp","href":"https:\/\/api.w.org\/{rel}","templated":true}]}}