{"id":171,"date":"2020-01-22T14:42:54","date_gmt":"2020-01-22T11:42:54","guid":{"rendered":"https:\/\/bestroyaldavet.com\/?page_id=171"},"modified":"2020-02-27T18:18:31","modified_gmt":"2020-02-27T15:18:31","slug":"hizmetlerimiz","status":"publish","type":"page","link":"https:\/\/bestroyaldavet.com\/silver\/hizmetlerimiz","title":{"rendered":"Hizmetlerimiz"},"content":{"rendered":"<div class=\"message-box relative\" style=\"padding-top:15px;padding-bottom:15px;\"><div class=\"message-box-bg-image bg-fill fill\" ><\/div><div class=\"message-box-bg-overlay bg-fill fill\" style=\"background-color:rgb(255, 255, 255);\"><\/div><div class=\"container relative\"><div class=\"inner last-reset\">\n<div class=\"row align-middle align-center\"  id=\"row-2092988411\">\n\n\t<div id=\"col-1531933141\" class=\"col medium-9 small-12 large-9\"  >\n\t\t\t\t<div class=\"col-inner\"  >\n\t\t\t\n\t\t\t\n<p>Hizmetlerimiz ile iglili detayl\u0131 bilgi almak i\u00e7in organizat\u00f6rlermizden bilgi alabilirsiniz.<\/p>\n\t\t<\/div>\n\t\t\t\t\t<\/div>\n\n\t\n\n\t<div id=\"col-475887122\" class=\"col medium-3 small-12 large-3\"  >\n\t\t\t\t<div class=\"col-inner text-center\"  >\n\t\t\t\n\t\t\t\n<a href=\"tel:02124212828\" target=\"_self\" class=\"button primary is-outline lowercase\"  style=\"border-radius:95px;\">\n    <span>Hemen Ara<\/span>\n  <i class=\"icon-phone\" aria-hidden=\"true\" ><\/i><\/a>\n\n\t\t<\/div>\n\t\t\t\t\t<\/div>\n\n\t\n<\/div>\n<\/div><\/div><\/div>\n\t<div id=\"gap-1111205090\" class=\"gap-element clearfix\" style=\"display:block; height:auto;\">\n\t\t\n<style>\n#gap-1111205090 {\n  padding-top: 35px;\n}\n<\/style>\n\t<\/div>\n\t\n<div class=\"row\"  id=\"row-991036372\">\n\n\t<div id=\"col-150495213\" class=\"col medium-4 small-12 large-4\"  >\n\t\t\t\t<div class=\"col-inner\"  >\n\t\t\t\n\t\t\t\n\t<div class=\"box has-hover   has-hover box-text-bottom\" >\n\n\t\t<div class=\"box-image\" >\n\t\t\t<a href=\"https:\/\/bestroyaldavet.com\/hizmetlerimiz\/dugun\"  >\t\t\t<div class=\"\" >\n\t\t\t\t<img loading=\"lazy\" decoding=\"async\" width=\"750\" height=\"750\" src=\"https:\/\/bestroyaldavet.com\/silver\/wp-content\/uploads\/2020\/02\/D\u00fc\u011f\u00fcn.jpg\" class=\"attachment- size-\" alt=\"D\u00fc\u011f\u00fcn\" srcset=\"https:\/\/bestroyaldavet.com\/silver\/wp-content\/uploads\/2020\/02\/D\u00fc\u011f\u00fcn.jpg 750w, https:\/\/bestroyaldavet.com\/silver\/wp-content\/uploads\/2020\/02\/D\u00fc\u011f\u00fcn-300x300.jpg 300w, https:\/\/bestroyaldavet.com\/silver\/wp-content\/uploads\/2020\/02\/D\u00fc\u011f\u00fcn-150x150.jpg 150w\" sizes=\"auto, (max-width: 750px) 100vw, 750px\" \/>\t\t\t\t\t\t\t\t\t\t\t<\/div>\n\t\t\t<\/a>\t\t<\/div>\n\n\t\t<div class=\"box-text text-center\" >\n\t\t\t<div class=\"box-text-inner\">\n\t\t\t\t\n<p><a href=\"https:\/\/bestroyaldavet.com\/hizmetlerimiz\/dugun\"><strong><span style=\"font-size: 150%;\">D\u00dc\u011e\u00dcN<\/span><\/strong><\/a><\/p>\n\t\t\t<\/div>\n\t\t<\/div>\n\t<\/div>\n\t\n\t\t<\/div>\n\t\t\t\t\t<\/div>\n\n\t\n\n\t<div id=\"col-790746520\" class=\"col medium-4 small-12 large-4\"  >\n\t\t\t\t<div class=\"col-inner\"  >\n\t\t\t\n\t\t\t\n\t<div class=\"box has-hover   has-hover box-text-bottom\" >\n\n\t\t<div class=\"box-image\" >\n\t\t\t<a href=\"https:\/\/bestroyaldavet.com\/hizmetlerimiz\/nisan\"  >\t\t\t<div class=\"\" >\n\t\t\t\t<img loading=\"lazy\" decoding=\"async\" width=\"750\" height=\"750\" src=\"https:\/\/bestroyaldavet.com\/silver\/wp-content\/uploads\/2020\/02\/Ni\u015fan.jpg\" class=\"attachment- size-\" alt=\"Ni\u015fan\" srcset=\"https:\/\/bestroyaldavet.com\/silver\/wp-content\/uploads\/2020\/02\/Ni\u015fan.jpg 750w, https:\/\/bestroyaldavet.com\/silver\/wp-content\/uploads\/2020\/02\/Ni\u015fan-300x300.jpg 300w, https:\/\/bestroyaldavet.com\/silver\/wp-content\/uploads\/2020\/02\/Ni\u015fan-150x150.jpg 150w\" sizes=\"auto, (max-width: 750px) 100vw, 750px\" \/>\t\t\t\t\t\t\t\t\t\t\t<\/div>\n\t\t\t<\/a>\t\t<\/div>\n\n\t\t<div class=\"box-text text-center\" >\n\t\t\t<div class=\"box-text-inner\">\n\t\t\t\t\n<p><a href=\"https:\/\/bestroyaldavet.com\/hizmetlerimiz\/nisan\"><strong><span style=\"font-size: 150%;\">N\u0130\u015eAN<\/span><\/strong><\/a><\/p>\n\t\t\t<\/div>\n\t\t<\/div>\n\t<\/div>\n\t\n\t\t<\/div>\n\t\t\t\t\t<\/div>\n\n\t\n\n\t<div id=\"col-2013340654\" class=\"col medium-4 small-12 large-4\"  >\n\t\t\t\t<div class=\"col-inner\"  >\n\t\t\t\n\t\t\t\n\t<div class=\"box has-hover   has-hover box-text-bottom\" >\n\n\t\t<div class=\"box-image\" >\n\t\t\t<a href=\"https:\/\/bestroyaldavet.com\/hizmetlerimiz\/kina-2\"  >\t\t\t<div class=\"\" >\n\t\t\t\t<img loading=\"lazy\" decoding=\"async\" width=\"750\" height=\"750\" src=\"https:\/\/bestroyaldavet.com\/silver\/wp-content\/uploads\/2020\/02\/K\u0131na-Kapak.jpg\" class=\"attachment- size-\" alt=\"K\u0131na-Kapak\" srcset=\"https:\/\/bestroyaldavet.com\/silver\/wp-content\/uploads\/2020\/02\/K\u0131na-Kapak.jpg 750w, https:\/\/bestroyaldavet.com\/silver\/wp-content\/uploads\/2020\/02\/K\u0131na-Kapak-300x300.jpg 300w, https:\/\/bestroyaldavet.com\/silver\/wp-content\/uploads\/2020\/02\/K\u0131na-Kapak-150x150.jpg 150w\" sizes=\"auto, (max-width: 750px) 100vw, 750px\" \/>\t\t\t\t\t\t\t\t\t\t\t<\/div>\n\t\t\t<\/a>\t\t<\/div>\n\n\t\t<div class=\"box-text text-center\" >\n\t\t\t<div class=\"box-text-inner\">\n\t\t\t\t\n<p><a href=\"https:\/\/bestroyaldavet.com\/hizmetlerimiz\/kina-2\"><strong><span style=\"font-size: 150%;\">KINA<\/span><\/strong><\/a><\/p>\n\t\t\t<\/div>\n\t\t<\/div>\n\t<\/div>\n\t\n\t\t<\/div>\n\t\t\t\t\t<\/div>\n\n\t\n<\/div>\n<div class=\"row\"  id=\"row-1331093141\">\n\n\t<div id=\"col-1928180061\" class=\"col medium-4 small-12 large-4\"  >\n\t\t\t\t<div class=\"col-inner\"  >\n\t\t\t\n\t\t\t\n\t<div class=\"box has-hover   has-hover box-text-bottom\" >\n\n\t\t<div class=\"box-image\" >\n\t\t\t<a href=\"https:\/\/bestroyaldavet.com\/hizmetlerimiz\/sunnet\"  >\t\t\t<div class=\"\" >\n\t\t\t\t<img loading=\"lazy\" decoding=\"async\" width=\"750\" height=\"750\" src=\"https:\/\/bestroyaldavet.com\/silver\/wp-content\/uploads\/2020\/02\/S\u00fcnnet-Kapak.jpg\" class=\"attachment- size-\" alt=\"S\u00fcnnet-Kapak\" srcset=\"https:\/\/bestroyaldavet.com\/silver\/wp-content\/uploads\/2020\/02\/S\u00fcnnet-Kapak.jpg 750w, https:\/\/bestroyaldavet.com\/silver\/wp-content\/uploads\/2020\/02\/S\u00fcnnet-Kapak-300x300.jpg 300w, https:\/\/bestroyaldavet.com\/silver\/wp-content\/uploads\/2020\/02\/S\u00fcnnet-Kapak-150x150.jpg 150w\" sizes=\"auto, (max-width: 750px) 100vw, 750px\" \/>\t\t\t\t\t\t\t\t\t\t\t<\/div>\n\t\t\t<\/a>\t\t<\/div>\n\n\t\t<div class=\"box-text text-center\" >\n\t\t\t<div class=\"box-text-inner\">\n\t\t\t\t\n<p><a href=\"https:\/\/bestroyaldavet.com\/hizmetlerimiz\/sunnet\"><strong><span style=\"font-size: 150%;\">S\u00dcNNET<\/span><\/strong><\/a><\/p>\n\t\t\t<\/div>\n\t\t<\/div>\n\t<\/div>\n\t\n\t\t<\/div>\n\t\t\t\t\t<\/div>\n\n\t\n\n\t<div id=\"col-1554970568\" class=\"col medium-4 small-12 large-4\"  >\n\t\t\t\t<div class=\"col-inner\"  >\n\t\t\t\n\t\t\t\n\t<div class=\"box has-hover   has-hover box-text-bottom\" >\n\n\t\t<div class=\"box-image\" >\n\t\t\t<a href=\"https:\/\/bestroyaldavet.com\/hizmetlerimiz\/ozel-bayi-toplantilari\"  >\t\t\t<div class=\"\" >\n\t\t\t\t<img loading=\"lazy\" decoding=\"async\" width=\"750\" height=\"750\" src=\"https:\/\/bestroyaldavet.com\/silver\/wp-content\/uploads\/2020\/02\/Best-Royal-SLV.jpg\" class=\"attachment-original size-original\" alt=\"Best Royal SLV\" srcset=\"https:\/\/bestroyaldavet.com\/silver\/wp-content\/uploads\/2020\/02\/Best-Royal-SLV.jpg 750w, https:\/\/bestroyaldavet.com\/silver\/wp-content\/uploads\/2020\/02\/Best-Royal-SLV-300x300.jpg 300w, https:\/\/bestroyaldavet.com\/silver\/wp-content\/uploads\/2020\/02\/Best-Royal-SLV-150x150.jpg 150w\" sizes=\"auto, (max-width: 750px) 100vw, 750px\" \/>\t\t\t\t\t\t\t\t\t\t\t<\/div>\n\t\t\t<\/a>\t\t<\/div>\n\n\t\t<div class=\"box-text text-center\" >\n\t\t\t<div class=\"box-text-inner\">\n\t\t\t\t\n<p><a href=\"https:\/\/bestroyaldavet.com\/hizmetlerimiz\/ozel-bayi-toplantilari\"><strong><span style=\"font-size: 150%;\">\u00d6ZEL BAY\u0130 TOPLANTILARI<\/span><\/strong><\/a><\/p>\n\t\t\t<\/div>\n\t\t<\/div>\n\t<\/div>\n\t\n\t\t<\/div>\n\t\t\t\t\t<\/div>\n\n\t\n\n\t<div id=\"col-347596041\" class=\"col medium-4 small-12 large-4\"  >\n\t\t\t\t<div class=\"col-inner\"  >\n\t\t\t\n\t\t\t\n\t<div class=\"box has-hover   has-hover box-text-bottom\" >\n\n\t\t<div class=\"box-image\" >\n\t\t\t<a href=\"https:\/\/bestroyaldavet.com\/hizmetlerimiz\/islami-dugun-organizasyonlari\"  >\t\t\t<div class=\"\" >\n\t\t\t\t<img loading=\"lazy\" decoding=\"async\" width=\"750\" height=\"750\" src=\"https:\/\/bestroyaldavet.com\/silver\/wp-content\/uploads\/2020\/02\/\u0130slami-D\u00fc\u011f\u00fcn-Organizasyonu.jpg\" class=\"attachment- size-\" alt=\"\" srcset=\"https:\/\/bestroyaldavet.com\/silver\/wp-content\/uploads\/2020\/02\/\u0130slami-D\u00fc\u011f\u00fcn-Organizasyonu.jpg 750w, https:\/\/bestroyaldavet.com\/silver\/wp-content\/uploads\/2020\/02\/\u0130slami-D\u00fc\u011f\u00fcn-Organizasyonu-300x300.jpg 300w, https:\/\/bestroyaldavet.com\/silver\/wp-content\/uploads\/2020\/02\/\u0130slami-D\u00fc\u011f\u00fcn-Organizasyonu-150x150.jpg 150w\" sizes=\"auto, (max-width: 750px) 100vw, 750px\" \/>\t\t\t\t\t\t\t\t\t\t\t<\/div>\n\t\t\t<\/a>\t\t<\/div>\n\n\t\t<div class=\"box-text text-center\" >\n\t\t\t<div class=\"box-text-inner\">\n\t\t\t\t\n<p><a href=\"https:\/\/bestroyaldavet.com\/hizmetlerimiz\/islami-dugun-organizasyonlari\"><strong><span style=\"font-size: 150%;\">\u0130SLAM\u0130 ORGAN\u0130ZASYON<\/span><\/strong><\/a><\/p>\n\t\t\t<\/div>\n\t\t<\/div>\n\t<\/div>\n\t\n\t\t<\/div>\n\t\t\t\t\t<\/div>\n\n\t\n<\/div>\n","protected":false},"excerpt":{"rendered":"","protected":false},"author":1,"featured_media":0,"parent":0,"menu_order":0,"comment_status":"closed","ping_status":"closed","template":"","meta":{"_joinchat":[],"footnotes":""},"class_list":["post-171","page","type-page","status-publish","hentry"],"_links":{"self":[{"href":"https:\/\/bestroyaldavet.com\/silver\/wp-json\/wp\/v2\/pages\/171","targetHints":{"allow":["GET"]}}],"collection":[{"href":"https:\/\/bestroyaldavet.com\/silver\/wp-json\/wp\/v2\/pages"}],"about":[{"href":"https:\/\/bestroyaldavet.com\/silver\/wp-json\/wp\/v2\/types\/page"}],"author":[{"embeddable":true,"href":"https:\/\/bestroyaldavet.com\/silver\/wp-json\/wp\/v2\/users\/1"}],"replies":[{"embeddable":true,"href":"https:\/\/bestroyaldavet.com\/silver\/wp-json\/wp\/v2\/comments?post=171"}],"version-history":[{"count":19,"href":"https:\/\/bestroyaldavet.com\/silver\/wp-json\/wp\/v2\/pages\/171\/revisions"}],"predecessor-version":[{"id":406,"href":"https:\/\/bestroyaldavet.com\/silver\/wp-json\/wp\/v2\/pages\/171\/revisions\/406"}],"wp:attachment":[{"href":"https:\/\/bestroyaldavet.com\/silver\/wp-json\/wp\/v2\/media?parent=171"}],"curies":[{"name":"wp","href":"https:\/\/api.w.org\/{rel}","templated":true}]}}